{"id":19856,"date":"2026-03-25T09:20:56","date_gmt":"2026-03-25T08:20:56","guid":{"rendered":"https:\/\/technikwerkstatt40.de\/?page_id=19856"},"modified":"2026-03-25T09:38:06","modified_gmt":"2026-03-25T08:38:06","slug":"agb","status":"publish","type":"page","link":"https:\/\/technikwerkstatt40.de\/en\/agb\/","title":{"rendered":"Terms and Conditions"},"content":{"rendered":"\t\t<div data-elementor-type=\"wp-page\" data-elementor-id=\"19856\" class=\"elementor elementor-19856\" data-elementor-post-type=\"page\">\n\t\t\t\t<div class=\"elementor-element elementor-element-62461257 e-flex e-con-boxed e-con e-parent\" data-id=\"62461257\" data-element_type=\"container\" data-e-type=\"container\" data-settings=\"{&quot;background_background&quot;:&quot;classic&quot;,&quot;sticky_offset_mobile&quot;:50,&quot;sticky&quot;:&quot;top&quot;,&quot;sticky_offset&quot;:50,&quot;sticky_on&quot;:[&quot;widescreen&quot;,&quot;desktop&quot;,&quot;laptop&quot;,&quot;tablet_extra&quot;,&quot;tablet&quot;,&quot;mobile_extra&quot;,&quot;mobile&quot;],&quot;sticky_effects_offset&quot;:0,&quot;sticky_anchor_link_offset&quot;:0}\">\n\t\t\t\t\t<div class=\"e-con-inner\">\n\t\t<div class=\"elementor-element elementor-element-752745bf e-con-full e-flex e-con e-child\" data-id=\"752745bf\" data-element_type=\"container\" data-e-type=\"container\" data-settings=\"{&quot;background_background&quot;:&quot;classic&quot;}\">\n\t\t\t\t<div class=\"elementor-element elementor-element-7de4cd21 elementor-widget elementor-widget-heading\" data-id=\"7de4cd21\" data-element_type=\"widget\" data-e-type=\"widget\" data-widget_type=\"heading.default\">\n\t\t\t\t<div class=\"elementor-widget-container\">\n\t\t\t\t\t<h1 class=\"elementor-heading-title elementor-size-default\">AGB<\/h1>\t\t\t\t<\/div>\n\t\t\t\t<\/div>\n\t\t\t\t<\/div>\n\t\t\t\t\t<\/div>\n\t\t\t\t<\/div>\n\t\t<div class=\"elementor-element elementor-element-4d3eae2 e-flex e-con-boxed e-con e-parent\" data-id=\"4d3eae2\" data-element_type=\"container\" data-e-type=\"container\">\n\t\t\t\t\t<div class=\"e-con-inner\">\n\t\t\t\t<div class=\"elementor-element elementor-element-5157751 elementor-widget elementor-widget-text-editor\" data-id=\"5157751\" data-element_type=\"widget\" data-e-type=\"widget\" data-widget_type=\"text-editor.default\">\n\t\t\t\t<div class=\"elementor-widget-container\">\n\t\t\t\t\t\t\t\t\t<h3>1. Geltungsbereich<\/h3><p><span style=\"font-size: 1rem;\">Diese Allgemeinen Gesch\u00e4ftsbedingungen (AGB) gelten f\u00fcr alle Bestellungen \u00fcber unseren Onlineshop der Technikwerkstatt 4.0, betrieben von Marco D\u00fcvelmeyer, Kronsweg 1, 49163 Hunteburg (nachfolgend &#8222;Verk\u00e4ufer&#8220;).<\/span><\/p><p>\u00a0<\/p><h3>2. Vertragspartner<\/h3><p>Der Kaufvertrag kommt zustande mit dem Verk\u00e4ufer. Weitere Informationen findest du im Impressum.<span style=\"font-size: 1rem;\"><br \/><\/span><\/p><p>\u00a0<\/p><h3><span style=\"font-size: 1rem;\">3. Angebot und Vertragsschluss<\/span><\/h3><p><span style=\"font-size: 1rem;\">Die Darstellung der Produkte im Onlineshop stellt kein rechtlich bindendes Angebot dar, sondern eine unverbindliche Aufforderung zur Bestellung. Der Kaufvertrag kommt zustande, wenn du nach dem Absenden deiner Bestellung eine Bestellbest\u00e4tigung per E-Mail erh\u00e4ltst.<\/span><\/p><p>\u00a0<\/p><h3>4. Preise und Versandkosten<\/h3><p>Alle angegebenen Preise sind Endpreise gem\u00e4\u00df \u00a7 19 UStG (Kleinunternehmerregelung) \u2013 es wird keine Umsatzsteuer ausgewiesen. Versandkosten werden im Bestellvorgang deutlich ausgewiesen.<\/p><p>\u00a0<\/p><h3>5. Lieferung<\/h3><p>Die Lieferung erfolgt an die von dir angegebene Adresse. Lieferzeiten findest du auf der jeweiligen Produktseite. Lieferung nur innerhalb Deutschlands.<\/p><p>\u00a0<\/p><h3>6. Bezahlung<\/h3><p>Zahlung erfolgt wahlweise per PayPal, Kreditkarte oder anderen im Shop angebotenen Zahlungsmethoden.<\/p><p>\u00a0<\/p><h3>7. Eigentumsvorbehalt<\/h3><p>Die Ware bleibt bis zur vollst\u00e4ndigen Bezahlung unser Eigentum.<\/p><p>\u00a0<\/p><h3>8. Widerrufsrecht<\/h3><p>Verbraucher haben ein gesetzliches Widerrufsrecht. Die Einzelheiten dazu findest du in der Widerrufsbelehrung.<\/p><p>\u00a0<\/p><h3>9. Gew\u00e4hrleistung<\/h3><p>Es gelten die gesetzlichen M\u00e4ngelhaftungsrechte.<\/p><p>\u00a0<\/p><h3>10. Streitbeilegung<\/h3><p>Wir sind nicht bereit oder verpflichtet, an einem Streitbeilegungsverfahren vor einer Verbraucherschlichtungsstelle teilzunehmen<\/p>\t\t\t\t\t\t\t\t<\/div>\n\t\t\t\t<\/div>\n\t\t\t\t\t<\/div>\n\t\t\t\t<\/div>\n\t\t\t\t<\/div>\n\t\t","protected":false},"excerpt":{"rendered":"<p>AGB 1. Geltungsbereich Diese Allgemeinen Gesch\u00e4ftsbedingungen (AGB) gelten f\u00fcr alle Bestellungen \u00fcber unseren Onlineshop der Technikwerkstatt 4.0, betrieben von Marco D\u00fcvelmeyer, Kronsweg 1, 49163 Hunteburg (nachfolgend &#8222;Verk\u00e4ufer&#8220;). \u00a0 2. Vertragspartner Der Kaufvertrag kommt zustande mit dem Verk\u00e4ufer. Weitere Informationen findest du im Impressum. \u00a0 3. Angebot und Vertragsschluss Die Darstellung der Produkte im Onlineshop stellt [&hellip;]<\/p>\n","protected":false},"author":1,"featured_media":0,"parent":0,"menu_order":0,"comment_status":"closed","ping_status":"closed","template":"","meta":{"footnotes":""},"class_list":["post-19856","page","type-page","status-publish","hentry"],"_links":{"self":[{"href":"https:\/\/technikwerkstatt40.de\/en\/wp-json\/wp\/v2\/pages\/19856","targetHints":{"allow":["GET"]}}],"collection":[{"href":"https:\/\/technikwerkstatt40.de\/en\/wp-json\/wp\/v2\/pages"}],"about":[{"href":"https:\/\/technikwerkstatt40.de\/en\/wp-json\/wp\/v2\/types\/page"}],"author":[{"embeddable":true,"href":"https:\/\/technikwerkstatt40.de\/en\/wp-json\/wp\/v2\/users\/1"}],"replies":[{"embeddable":true,"href":"https:\/\/technikwerkstatt40.de\/en\/wp-json\/wp\/v2\/comments?post=19856"}],"version-history":[{"count":16,"href":"https:\/\/technikwerkstatt40.de\/en\/wp-json\/wp\/v2\/pages\/19856\/revisions"}],"predecessor-version":[{"id":19878,"href":"https:\/\/technikwerkstatt40.de\/en\/wp-json\/wp\/v2\/pages\/19856\/revisions\/19878"}],"wp:attachment":[{"href":"https:\/\/technikwerkstatt40.de\/en\/wp-json\/wp\/v2\/media?parent=19856"}],"curies":[{"name":"wp","href":"https:\/\/api.w.org\/{rel}","templated":true}]}}