{"id":19879,"date":"2026-03-25T10:14:56","date_gmt":"2026-03-25T09:14:56","guid":{"rendered":"https:\/\/technikwerkstatt40.de\/?page_id=19879"},"modified":"2026-03-25T10:22:33","modified_gmt":"2026-03-25T09:22:33","slug":"versand","status":"publish","type":"page","link":"https:\/\/technikwerkstatt40.de\/en\/versand\/","title":{"rendered":"Delivery"},"content":{"rendered":"\t\t<div data-elementor-type=\"wp-page\" data-elementor-id=\"19879\" class=\"elementor elementor-19879\" data-elementor-post-type=\"page\">\n\t\t\t\t<div class=\"elementor-element elementor-element-62461257 e-flex e-con-boxed e-con e-parent\" data-id=\"62461257\" data-element_type=\"container\" data-e-type=\"container\" data-settings=\"{&quot;background_background&quot;:&quot;classic&quot;,&quot;sticky_offset_mobile&quot;:50,&quot;sticky&quot;:&quot;top&quot;,&quot;sticky_offset&quot;:50,&quot;sticky_on&quot;:[&quot;widescreen&quot;,&quot;desktop&quot;,&quot;laptop&quot;,&quot;tablet_extra&quot;,&quot;tablet&quot;,&quot;mobile_extra&quot;,&quot;mobile&quot;],&quot;sticky_effects_offset&quot;:0,&quot;sticky_anchor_link_offset&quot;:0}\">\n\t\t\t\t\t<div class=\"e-con-inner\">\n\t\t<div class=\"elementor-element elementor-element-752745bf e-con-full e-flex e-con e-child\" data-id=\"752745bf\" data-element_type=\"container\" data-e-type=\"container\" data-settings=\"{&quot;background_background&quot;:&quot;classic&quot;}\">\n\t\t\t\t<div class=\"elementor-element elementor-element-7de4cd21 elementor-widget elementor-widget-heading\" data-id=\"7de4cd21\" data-element_type=\"widget\" data-e-type=\"widget\" data-widget_type=\"heading.default\">\n\t\t\t\t<div class=\"elementor-widget-container\">\n\t\t\t\t\t<h1 class=\"elementor-heading-title elementor-size-default\">Versand<\/h1>\t\t\t\t<\/div>\n\t\t\t\t<\/div>\n\t\t\t\t<\/div>\n\t\t\t\t\t<\/div>\n\t\t\t\t<\/div>\n\t\t<div class=\"elementor-element elementor-element-4d3eae2 e-flex e-con-boxed e-con e-parent\" data-id=\"4d3eae2\" data-element_type=\"container\" data-e-type=\"container\">\n\t\t\t\t\t<div class=\"e-con-inner\">\n\t\t\t\t<div class=\"elementor-element elementor-element-5157751 elementor-widget elementor-widget-text-editor\" data-id=\"5157751\" data-element_type=\"widget\" data-e-type=\"widget\" data-widget_type=\"text-editor.default\">\n\t\t\t\t<div class=\"elementor-widget-container\">\n\t\t\t\t\t\t\t\t\t<h3>1. Versandart und Versandkosten<\/h3><p>Wir versenden unsere Produkte ausschlie\u00dflich innerhalb Deutschlands per DHL Standardversand als Paket f\u00fcr 6,19 \u20ac mit Sendungsverfolgung und einer Haftung bis 500,00 \u20ac.<\/p><p>Ab einem Bestellwert von 100,00 \u20ac liefern wir innerhalb Deutschlands versandkostenfrei.<\/p><p>Gem\u00e4\u00df \u00a7\u202f19 UStG erheben wir keine Umsatzsteuer und weisen diese daher auch nicht aus.<\/p><p>\u00a0<\/p><h3>2. Lieferzeiten<\/h3><p>Die Lieferzeit setzt sich aus Bearbeitungszeit und Versandzeit zusammen:<\/p><p>Bearbeitungszeit: In der Regel 1\u20132 Werktage nach Zahlungseingang<br \/>Versandzeit: Lieferung durch DHL erfolgt innerhalb von 1 &#8211; 2 Werktagen<br \/>Bitte beachten Sie: An Wochenenden und Feiertagen erfolgt keine Bearbeitung oder Lieferung.<\/p><p>\u00a0<\/p><h3>3. Liefergebiet<\/h3><p>Wir liefern ausschlie\u00dflich innerhalb Deutschlands. Ein Versand ins Ausland ist derzeit nicht m\u00f6glich.<\/p><p>\u00a0<\/p><h3>4. Versand an DHL-Packstationen<\/h3><p>Ein Versand an DHL-Packstationen ist m\u00f6glich.<br \/>Bitte geben Sie beim Bestellvorgang Ihre Postnummer (DHL-Kundennummer) sowie die gew\u00fcnschte Packstation und den zugeh\u00f6rigen Ort mit Postleitzahl vollst\u00e4ndig an.<br \/>Der Versand erfolgt ausschlie\u00dflich per DHL Paket.<\/p><p>\u00a0<\/p><h3>5. Sendungsverfolgung<\/h3><p>Sobald Ihre Bestellung versendet wurde, erhalten Sie eine Versandbest\u00e4tigung per E-Mail mit einem Link zur Sendungsverfolgung Ihres Pakets.<\/p><p>\u00a0<\/p><h3>6. Teillieferungen<\/h3><p>Wir nehmen grunds\u00e4tzlich keine Teillieferungen vor. Ihre Bestellung wird erst versendet, wenn alle Artikel lieferbar sind.<\/p><p>\u00a0<\/p><h3>7. Transportsch\u00e4den<\/h3><p>Bitte \u00fcberpr\u00fcfen Sie Ihre Bestellung bei Erhalt sofort auf Vollst\u00e4ndigkeit und eventuelle Transportsch\u00e4den.<br \/>Sollte ein Artikel besch\u00e4digt sein oder fehlen, kontaktieren Sie uns bitte umgehend per E-Mail an info@technikwerkstatt40.de und f\u00fcgen Sie Fotos der Besch\u00e4digung bei. Das hilft uns, den Schaden schnell zu regulieren. Ihre gesetzlichen M\u00e4ngelrechte bleiben unber\u00fchrt.<\/p><p>\u00a0<\/p><h3>8. Nicht zustellbare Sendungen \/ Annahmeverweigerung<\/h3><p>Sollte ein Paket nicht zugestellt werden k\u00f6nnen (z.\u202fB. wegen falscher Adresse oder Nichtabholung bei DHL) und an uns zur\u00fcckgehen, kontaktieren wir Sie zur Kl\u00e4rung.<\/p><p>Die Kosten f\u00fcr einen erneuten Versand sowie die R\u00fccksendekosten an uns sind in diesem Fall vom Empf\u00e4nger zu tragen.<\/p>\t\t\t\t\t\t\t\t<\/div>\n\t\t\t\t<\/div>\n\t\t\t\t\t<\/div>\n\t\t\t\t<\/div>\n\t\t\t\t<\/div>\n\t\t","protected":false},"excerpt":{"rendered":"<p>Versand 1. Versandart und Versandkosten Wir versenden unsere Produkte ausschlie\u00dflich innerhalb Deutschlands per DHL Standardversand als Paket f\u00fcr 6,19 \u20ac mit Sendungsverfolgung und einer Haftung bis 500,00 \u20ac. Ab einem Bestellwert von 100,00 \u20ac liefern wir innerhalb Deutschlands versandkostenfrei. Gem\u00e4\u00df \u00a7\u202f19 UStG erheben wir keine Umsatzsteuer und weisen diese daher auch nicht aus. \u00a0 2. [&hellip;]<\/p>\n","protected":false},"author":1,"featured_media":0,"parent":0,"menu_order":0,"comment_status":"closed","ping_status":"closed","template":"","meta":{"footnotes":""},"class_list":["post-19879","page","type-page","status-publish","hentry"],"_links":{"self":[{"href":"https:\/\/technikwerkstatt40.de\/en\/wp-json\/wp\/v2\/pages\/19879","targetHints":{"allow":["GET"]}}],"collection":[{"href":"https:\/\/technikwerkstatt40.de\/en\/wp-json\/wp\/v2\/pages"}],"about":[{"href":"https:\/\/technikwerkstatt40.de\/en\/wp-json\/wp\/v2\/types\/page"}],"author":[{"embeddable":true,"href":"https:\/\/technikwerkstatt40.de\/en\/wp-json\/wp\/v2\/users\/1"}],"replies":[{"embeddable":true,"href":"https:\/\/technikwerkstatt40.de\/en\/wp-json\/wp\/v2\/comments?post=19879"}],"version-history":[{"count":14,"href":"https:\/\/technikwerkstatt40.de\/en\/wp-json\/wp\/v2\/pages\/19879\/revisions"}],"predecessor-version":[{"id":19893,"href":"https:\/\/technikwerkstatt40.de\/en\/wp-json\/wp\/v2\/pages\/19879\/revisions\/19893"}],"wp:attachment":[{"href":"https:\/\/technikwerkstatt40.de\/en\/wp-json\/wp\/v2\/media?parent=19879"}],"curies":[{"name":"wp","href":"https:\/\/api.w.org\/{rel}","templated":true}]}}