{"id":19895,"date":"2026-03-25T10:27:15","date_gmt":"2026-03-25T09:27:15","guid":{"rendered":"https:\/\/technikwerkstatt40.de\/?page_id=19895"},"modified":"2026-03-25T10:29:30","modified_gmt":"2026-03-25T09:29:30","slug":"widerruf","status":"publish","type":"page","link":"https:\/\/technikwerkstatt40.de\/en\/widerruf\/","title":{"rendered":"Widerruf"},"content":{"rendered":"\t\t<div data-elementor-type=\"wp-page\" data-elementor-id=\"19895\" class=\"elementor elementor-19895\" data-elementor-post-type=\"page\">\n\t\t\t\t<div class=\"elementor-element elementor-element-62461257 e-flex e-con-boxed e-con e-parent\" data-id=\"62461257\" data-element_type=\"container\" data-e-type=\"container\" data-settings=\"{&quot;background_background&quot;:&quot;classic&quot;,&quot;sticky_offset_mobile&quot;:50,&quot;sticky&quot;:&quot;top&quot;,&quot;sticky_offset&quot;:50,&quot;sticky_on&quot;:[&quot;widescreen&quot;,&quot;desktop&quot;,&quot;laptop&quot;,&quot;tablet_extra&quot;,&quot;tablet&quot;,&quot;mobile_extra&quot;,&quot;mobile&quot;],&quot;sticky_effects_offset&quot;:0,&quot;sticky_anchor_link_offset&quot;:0}\">\n\t\t\t\t\t<div class=\"e-con-inner\">\n\t\t<div class=\"elementor-element elementor-element-752745bf e-con-full e-flex e-con e-child\" data-id=\"752745bf\" data-element_type=\"container\" data-e-type=\"container\" data-settings=\"{&quot;background_background&quot;:&quot;classic&quot;}\">\n\t\t\t\t<div class=\"elementor-element elementor-element-7de4cd21 elementor-widget elementor-widget-heading\" data-id=\"7de4cd21\" data-element_type=\"widget\" data-e-type=\"widget\" data-widget_type=\"heading.default\">\n\t\t\t\t<div class=\"elementor-widget-container\">\n\t\t\t\t\t<h1 class=\"elementor-heading-title elementor-size-default\">Widerrufsrecht<\/h1>\t\t\t\t<\/div>\n\t\t\t\t<\/div>\n\t\t\t\t<\/div>\n\t\t\t\t\t<\/div>\n\t\t\t\t<\/div>\n\t\t<div class=\"elementor-element elementor-element-4d3eae2 e-flex e-con-boxed e-con e-parent\" data-id=\"4d3eae2\" data-element_type=\"container\" data-e-type=\"container\">\n\t\t\t\t\t<div class=\"e-con-inner\">\n\t\t\t\t<div class=\"elementor-element elementor-element-5157751 elementor-widget elementor-widget-text-editor\" data-id=\"5157751\" data-element_type=\"widget\" data-e-type=\"widget\" data-widget_type=\"text-editor.default\">\n\t\t\t\t<div class=\"elementor-widget-container\">\n\t\t\t\t\t\t\t\t\t<h3>Gesetzliches Widerrufsrecht<\/h3>\n<p>Du hast das Recht, binnen 14 Tagen ohne Angabe von Gr\u00fcnden diesen Vertrag zu widerrufen. Die Widerrufsfrist betr\u00e4gt 14 Tage ab dem Tag,<\/p>\n<p>an dem du oder ein von dir benannter Dritter, der nicht der Bef\u00f6rderer ist, die Waren erhalten hast, oder<br>im Falle einer Teillieferung: An dem du oder ein von dir benannter Dritter die letzte Ware erhalten hast.<br>Um dein Widerrufsrecht auszu\u00fcben, musst du uns (Marco D\u00fcvelmeyer, Kronsweg 1, 49163 Hunteburg, E-Mail: info@technikwerkstatt40.de) mittels einer eindeutigen Erkl\u00e4rung (z.B. per E-Mail) \u00fcber deinen Entschluss, diesen Vertrag zu widerrufen, informieren.<\/p>\n<p>Du kannst daf\u00fcr das unten stehende Muster-Widerrufsformular verwenden, das jedoch nicht vorgeschrieben ist.<\/p>\n<p>Zur Wahrung der Widerrufsfrist reicht es aus, dass du die Mitteilung \u00fcber die Aus\u00fcbung des Widerrufsrechts vor Ablauf der Frist absendest.<\/p><p><br><\/p>\n<h3>Folgen des Widerrufs<\/h3>\n<p>Wenn du diesen Vertrag widerrufst, erstatten wir dir alle Zahlungen, die wir von dir erhalten haben, einschlie\u00dflich der Lieferkosten in H\u00f6he unserer g\u00fcnstigsten Standardlieferung (mit Ausnahme etwaiger Zusatzkosten, die sich daraus ergeben, dass du eine andere Art der Lieferung als die von uns angebotene Standardlieferung gew\u00e4hlt hast), unverz\u00fcglich und sp\u00e4testens binnen vierzehn Tagen ab dem Tag, an dem die Mitteilung \u00fcber deinen Widerruf bei uns eingegangen ist.<\/p>\n<p>F\u00fcr die R\u00fcckzahlung verwenden wir dasselbe Zahlungsmittel, das du bei der urspr\u00fcnglichen Transaktion eingesetzt hast. In keinem Fall werden dir wegen dieser R\u00fcckzahlung Entgelte berechnet.<\/p>\n<p>Wir k\u00f6nnen die R\u00fcckzahlung verweigern, bis wir die Waren zur\u00fcckerhalten haben oder bis du den Nachweis erbracht hast, dass du die Waren zur\u00fcckgesandt hast \u2013 je nachdem, welches der fr\u00fchere Zeitpunkt ist.<\/p>\n<p>Du hast die Waren unverz\u00fcglich und in jedem Fall sp\u00e4testens binnen vierzehn Tagen ab dem Tag, an dem du uns \u00fcber den Widerruf unterrichtet hast, an uns zur\u00fcckzusenden oder zu \u00fcbergeben. Du tr\u00e4gst die unmittelbaren Kosten der R\u00fccksendung der Waren. Die R\u00fccksendeadresse erh\u00e4ltst du nach Kontaktaufnahme per E-Mail.<\/p>\n<p>Du musst f\u00fcr einen etwaigen Wertverlust der Waren nur aufkommen, wenn dieser auf einen zur Pr\u00fcfung der Beschaffenheit, Eigenschaften und Funktionsweise der Waren nicht notwendigen Umgang zur\u00fcckzuf\u00fchren ist.<\/p><p><br><\/p>\n<h3>Freiwilliges R\u00fcckgaberecht von 30 Tagen<\/h3>\n<p>Unabh\u00e4ngig vom gesetzlichen Widerrufsrecht bieten wir dir ein freiwilliges R\u00fcckgaberecht von insgesamt 30 Tagen ab Erhalt der Ware an.<\/p>\n<p>Die zur\u00fcckgesendeten Artikel m\u00fcssen sich im Originalzustand befinden \u2013 unbenutzt, unbesch\u00e4digt und in der Originalverpackung. Auch im Rahmen des freiwilligen R\u00fcckgaberechts tr\u00e4gst du die unmittelbaren R\u00fccksendekosten.<\/p>\n<p>Bitte kontaktiere uns vorab per E-Mail, damit wir dir die korrekte R\u00fccksendeadresse mitteilen k\u00f6nnen.<\/p><p><br><\/p>\n<h3>Muster-Widerrufsformular<\/h3>\n<p>Wenn du den Vertrag widerrufen willst, f\u00fclle bitte dieses Formular aus und sende es an uns.<\/p><p><br><\/p>\n<h3>An:<\/h3>\n<p>Marco D\u00fcvelmeyer<br>Kronsweg 1<br>49163 Hunteburg<br>info@technikwerkstatt40.de<\/p>\n<p>Hiermit widerrufe ich den von mir abgeschlossenen Vertrag \u00fcber den Kauf der folgenden Waren:<\/p>\n<p>Bestellt am: ______________ \/ erhalten am: ______________<\/p>\n<p>Name des Verbrauchers: __________________________________<\/p>\n<p>Anschrift des Verbrauchers: _______________________________<\/p>\n<p>Unterschrift (nur bei Mitteilung auf Papier)<\/p>\n<p>Datum: ______________<\/p>\t\t\t\t\t\t\t\t<\/div>\n\t\t\t\t<\/div>\n\t\t\t\t\t<\/div>\n\t\t\t\t<\/div>\n\t\t\t\t<\/div>\n\t\t","protected":false},"excerpt":{"rendered":"<p>Widerrufsrecht Gesetzliches Widerrufsrecht Du hast das Recht, binnen 14 Tagen ohne Angabe von Gr\u00fcnden diesen Vertrag zu widerrufen. Die Widerrufsfrist betr\u00e4gt 14 Tage ab dem Tag, an dem du oder ein von dir benannter Dritter, der nicht der Bef\u00f6rderer ist, die Waren erhalten hast, oderim Falle einer Teillieferung: An dem du oder ein von dir [&hellip;]<\/p>\n","protected":false},"author":1,"featured_media":0,"parent":0,"menu_order":0,"comment_status":"closed","ping_status":"closed","template":"","meta":{"footnotes":""},"class_list":["post-19895","page","type-page","status-publish","hentry"],"_links":{"self":[{"href":"https:\/\/technikwerkstatt40.de\/en\/wp-json\/wp\/v2\/pages\/19895","targetHints":{"allow":["GET"]}}],"collection":[{"href":"https:\/\/technikwerkstatt40.de\/en\/wp-json\/wp\/v2\/pages"}],"about":[{"href":"https:\/\/technikwerkstatt40.de\/en\/wp-json\/wp\/v2\/types\/page"}],"author":[{"embeddable":true,"href":"https:\/\/technikwerkstatt40.de\/en\/wp-json\/wp\/v2\/users\/1"}],"replies":[{"embeddable":true,"href":"https:\/\/technikwerkstatt40.de\/en\/wp-json\/wp\/v2\/comments?post=19895"}],"version-history":[{"count":7,"href":"https:\/\/technikwerkstatt40.de\/en\/wp-json\/wp\/v2\/pages\/19895\/revisions"}],"predecessor-version":[{"id":19902,"href":"https:\/\/technikwerkstatt40.de\/en\/wp-json\/wp\/v2\/pages\/19895\/revisions\/19902"}],"wp:attachment":[{"href":"https:\/\/technikwerkstatt40.de\/en\/wp-json\/wp\/v2\/media?parent=19895"}],"curies":[{"name":"wp","href":"https:\/\/api.w.org\/{rel}","templated":true}]}}