{"id":2063,"date":"2024-03-24T18:40:21","date_gmt":"2024-03-24T18:40:21","guid":{"rendered":"https:\/\/technikwerkstatt40.de\/?page_id=2063"},"modified":"2026-03-25T11:19:27","modified_gmt":"2026-03-25T10:19:27","slug":"impressum","status":"publish","type":"page","link":"https:\/\/technikwerkstatt40.de\/en\/impressum\/","title":{"rendered":"Imprint"},"content":{"rendered":"\t\t<div data-elementor-type=\"wp-page\" data-elementor-id=\"2063\" class=\"elementor elementor-2063\" data-elementor-post-type=\"page\">\n\t\t\t\t<div class=\"elementor-element elementor-element-55b0aff elementor-hidden-mobile e-flex e-con-boxed e-con e-parent\" data-id=\"55b0aff\" data-element_type=\"container\" data-e-type=\"container\">\n\t\t\t\t\t<div class=\"e-con-inner\">\n\t\t\t\t<div class=\"elementor-element elementor-element-468bcaf8 elementor-absolute elementor-widget elementor-widget-menu-anchor\" data-id=\"468bcaf8\" data-element_type=\"widget\" data-e-type=\"widget\" data-settings=\"{&quot;_position&quot;:&quot;absolute&quot;}\" data-widget_type=\"menu-anchor.default\">\n\t\t\t\t<div class=\"elementor-widget-container\">\n\t\t\t\t\t\t\t<div class=\"elementor-menu-anchor\" id=\"scrollup\"><\/div>\n\t\t\t\t\t\t<\/div>\n\t\t\t\t<\/div>\n\t\t\t\t\t<\/div>\n\t\t\t\t<\/div>\n\t\t<div class=\"elementor-element elementor-element-10dce737 e-flex e-con-boxed e-con e-parent\" data-id=\"10dce737\" data-element_type=\"container\" data-e-type=\"container\" data-settings=\"{&quot;background_background&quot;:&quot;classic&quot;,&quot;sticky_offset_mobile&quot;:50,&quot;sticky&quot;:&quot;top&quot;,&quot;sticky_offset&quot;:50,&quot;sticky_on&quot;:[&quot;widescreen&quot;,&quot;desktop&quot;,&quot;laptop&quot;,&quot;tablet_extra&quot;,&quot;tablet&quot;,&quot;mobile_extra&quot;,&quot;mobile&quot;],&quot;sticky_effects_offset&quot;:0,&quot;sticky_anchor_link_offset&quot;:0}\">\n\t\t\t\t\t<div class=\"e-con-inner\">\n\t\t<div class=\"elementor-element elementor-element-5e0ff7f e-con-full e-flex e-con e-child\" data-id=\"5e0ff7f\" data-element_type=\"container\" data-e-type=\"container\" data-settings=\"{&quot;background_background&quot;:&quot;classic&quot;}\">\n\t\t\t\t<div class=\"elementor-element elementor-element-6a2dea4f elementor-widget elementor-widget-heading\" data-id=\"6a2dea4f\" data-element_type=\"widget\" data-e-type=\"widget\" data-widget_type=\"heading.default\">\n\t\t\t\t<div class=\"elementor-widget-container\">\n\t\t\t\t\t<h1 class=\"elementor-heading-title elementor-size-default\">Impressum<\/h1>\t\t\t\t<\/div>\n\t\t\t\t<\/div>\n\t\t\t\t<\/div>\n\t\t\t\t\t<\/div>\n\t\t\t\t<\/div>\n\t\t<div class=\"elementor-element elementor-element-86d2008 e-flex e-con-boxed e-con e-parent\" data-id=\"86d2008\" data-element_type=\"container\" data-e-type=\"container\">\n\t\t\t\t\t<div class=\"e-con-inner\">\n\t\t<div class=\"elementor-element elementor-element-ae89af1 e-con-full e-flex e-con e-child\" data-id=\"ae89af1\" data-element_type=\"container\" data-e-type=\"container\">\n\t\t\t\t<div class=\"elementor-element elementor-element-d2d748b elementor-widget elementor-widget-heading\" data-id=\"d2d748b\" data-element_type=\"widget\" data-e-type=\"widget\" data-widget_type=\"heading.default\">\n\t\t\t\t<div class=\"elementor-widget-container\">\n\t\t\t\t\t<h2 class=\"elementor-heading-title elementor-size-default\">Technikwerkstatt 4.0<\/h2>\t\t\t\t<\/div>\n\t\t\t\t<\/div>\n\t\t\t\t<div class=\"elementor-element elementor-element-c673786 elementor-widget elementor-widget-text-editor\" data-id=\"c673786\" data-element_type=\"widget\" data-e-type=\"widget\" data-widget_type=\"text-editor.default\">\n\t\t\t\t<div class=\"elementor-widget-container\">\n\t\t\t\t\t\t\t\t\t<p>Marco D\u00fcvelmeyer<br \/>Kronsweg 1<br \/>49163 Hunteburg<\/p><p>Telefon: +49 151 41336184<\/p>\t\t\t\t\t\t\t\t<\/div>\n\t\t\t\t<\/div>\n\t\t<div class=\"elementor-element elementor-element-67a9adf e-con-full e-flex e-con e-child\" data-id=\"67a9adf\" data-element_type=\"container\" data-e-type=\"container\">\n\t\t\t\t<div class=\"elementor-element elementor-element-4b739fd elementor-align-center elementor-icon-list--layout-traditional elementor-list-item-link-full_width elementor-widget elementor-widget-icon-list\" data-id=\"4b739fd\" data-element_type=\"widget\" data-e-type=\"widget\" data-widget_type=\"icon-list.default\">\n\t\t\t\t<div class=\"elementor-widget-container\">\n\t\t\t\t\t\t\t<ul class=\"elementor-icon-list-items\">\n\t\t\t\t\t\t\t<li class=\"elementor-icon-list-item\">\n\t\t\t\t\t\t\t\t\t\t\t<span class=\"elementor-icon-list-icon\">\n\t\t\t\t\t\t\t<i aria-hidden=\"true\" class=\"far fa-envelope\"><\/i>\t\t\t\t\t\t<\/span>\n\t\t\t\t\t\t\t\t\t\t<span class=\"elementor-icon-list-text\"><\/span>\n\t\t\t\t\t\t\t\t\t<\/li>\n\t\t\t\t\t\t<\/ul>\n\t\t\t\t\t\t<\/div>\n\t\t\t\t<\/div>\n\t\t\t\t<div class=\"elementor-element elementor-element-c29c3e9 elementor-widget elementor-widget-shortcode\" data-id=\"c29c3e9\" data-element_type=\"widget\" data-e-type=\"widget\" data-widget_type=\"shortcode.default\">\n\t\t\t\t<div class=\"elementor-widget-container\">\n\t\t\t\t\t\t\t<div class=\"elementor-shortcode\"><a href=\"mailto:&#105&#110&#102&#111&#64&#116&#101&#99&#104&#110&#105&#107&#119&#101&#114&#107&#115&#116&#97&#116&#116&#52&#48&#46&#100&#101\" title=\"&#105&#110&#102&#111&#64&#116&#101&#99&#104&#110&#105&#107&#119&#101&#114&#107&#115&#116&#97&#116&#116&#52&#48&#46&#100&#101\">&#105&#110&#102&#111&#64&#116&#101&#99&#104&#110&#105&#107&#119&#101&#114&#107&#115&#116&#97&#116&#116&#52&#48&#46&#100&#101<\/a><\/div>\n\t\t\t\t\t\t<\/div>\n\t\t\t\t<\/div>\n\t\t\t\t<\/div>\n\t\t\t\t<div class=\"elementor-element elementor-element-9c071a1 elementor-widget elementor-widget-text-editor\" data-id=\"9c071a1\" data-element_type=\"widget\" data-e-type=\"widget\" data-widget_type=\"text-editor.default\">\n\t\t\t\t<div class=\"elementor-widget-container\">\n\t\t\t\t\t\t\t\t\t<p>Kleinunternehmer nach \u00a7 19 UStG.<br \/>USt-IdNr.: DE454806313<\/p><p>Inhaltlich verantwortlich gem\u00e4\u00df \u00a7 18 Abs. 2 MStV: Marco D\u00fcvelmeyer<\/p>\t\t\t\t\t\t\t\t<\/div>\n\t\t\t\t<\/div>\n\t\t\t\t<\/div>\n\t\t<div class=\"elementor-element elementor-element-7a1e6bc e-con-full e-flex e-con e-child\" data-id=\"7a1e6bc\" data-element_type=\"container\" data-e-type=\"container\">\n\t\t\t\t<div class=\"elementor-element elementor-element-27f1f59 elementor-widget elementor-widget-heading\" data-id=\"27f1f59\" data-element_type=\"widget\" data-e-type=\"widget\" data-widget_type=\"heading.default\">\n\t\t\t\t<div class=\"elementor-widget-container\">\n\t\t\t\t\t<h3 class=\"elementor-heading-title elementor-size-default\">Haftung f\u00fcr Inhalte<\/h3>\t\t\t\t<\/div>\n\t\t\t\t<\/div>\n\t\t\t\t<div class=\"elementor-element elementor-element-e50b9f7 elementor-widget elementor-widget-text-editor\" data-id=\"e50b9f7\" data-element_type=\"widget\" data-e-type=\"widget\" data-widget_type=\"text-editor.default\">\n\t\t\t\t<div class=\"elementor-widget-container\">\n\t\t\t\t\t\t\t\t\t<p>Als Diensteanbieter bin ich f\u00fcr eigene Inhalte auf diesen Seiten nach den allgemeinen gesetzlichen Vorgaben verantwortlich. Eine Verpflichtung zur \u00dcberwachung \u00fcbermittelter oder gespeicherter fremder Informationen besteht jedoch nicht.<br \/>Verpflichtungen zur Entfernung oder Sperrung der Nutzung von Informationen nach den allgemeinen Gesetzen bleiben davon unber\u00fchrt. Eine Haftung ist erst ab dem Zeitpunkt m\u00f6glich, an dem eine konkrete Rechtsverletzung bekannt wird. Sobald mir entsprechende Rechtsverletzungen bekannt werden, entferne ich diese Inhalte umgehend.<\/p>\t\t\t\t\t\t\t\t<\/div>\n\t\t\t\t<\/div>\n\t\t\t\t<div class=\"elementor-element elementor-element-aa9076d elementor-widget elementor-widget-heading\" data-id=\"aa9076d\" data-element_type=\"widget\" data-e-type=\"widget\" data-widget_type=\"heading.default\">\n\t\t\t\t<div class=\"elementor-widget-container\">\n\t\t\t\t\t<h6 class=\"elementor-heading-title elementor-size-default\">Haftung f\u00fcr Links<\/h6>\t\t\t\t<\/div>\n\t\t\t\t<\/div>\n\t\t\t\t<div class=\"elementor-element elementor-element-98d2c3a elementor-widget elementor-widget-text-editor\" data-id=\"98d2c3a\" data-element_type=\"widget\" data-e-type=\"widget\" data-widget_type=\"text-editor.default\">\n\t\t\t\t<div class=\"elementor-widget-container\">\n\t\t\t\t\t\t\t\t\t<p>Diese Website enth\u00e4lt Links zu externen Seiten Dritter, auf deren Inhalte ich keinen Einfluss habe. F\u00fcr die Inhalte verlinkter Seiten ist ausschlie\u00dflich der jeweilige Anbieter oder Betreiber verantwortlich. Die verlinkten Seiten wurden zum Zeitpunkt der Verlinkung auf m\u00f6gliche Rechtsverst\u00f6\u00dfe gepr\u00fcft, rechtswidrige Inhalte waren zu diesem Zeitpunkt nicht erkennbar.<br \/>Eine dauerhafte inhaltliche Kontrolle verlinkter Seiten ist ohne konkrete Anhaltspunkte einer Rechtsverletzung nicht zumutbar. Bei Bekanntwerden von Rechtsverletzungen entferne ich derartige Links umgehend.<\/p>\t\t\t\t\t\t\t\t<\/div>\n\t\t\t\t<\/div>\n\t\t\t\t<div class=\"elementor-element elementor-element-5eaf9ad elementor-widget elementor-widget-heading\" data-id=\"5eaf9ad\" data-element_type=\"widget\" data-e-type=\"widget\" data-widget_type=\"heading.default\">\n\t\t\t\t<div class=\"elementor-widget-container\">\n\t\t\t\t\t<h6 class=\"elementor-heading-title elementor-size-default\">Urheberrecht<\/h6>\t\t\t\t<\/div>\n\t\t\t\t<\/div>\n\t\t\t\t<div class=\"elementor-element elementor-element-2f11e5d elementor-widget elementor-widget-text-editor\" data-id=\"2f11e5d\" data-element_type=\"widget\" data-e-type=\"widget\" data-widget_type=\"text-editor.default\">\n\t\t\t\t<div class=\"elementor-widget-container\">\n\t\t\t\t\t\t\t\t\t<p>Die auf dieser Website ver\u00f6ffentlichten Inhalte (Texte, Fotos, Grafiken, Logos usw.) unterliegen dem Urheberrecht. Jede Verwertung au\u00dferhalb der gesetzlichen Grenzen des Urheberrechts erfordert die vorherige schriftliche Zustimmung der jeweiligen Rechteinhaber.<br \/>Downloads und Kopien dieser Seite sind nur f\u00fcr den privaten Gebrauch gestattet. Soweit Inhalte nicht von mir stammen, werden die Urheberrechte Dritter beachtet und entsprechend gekennzeichnet. Sollte dennoch eine Urheberrechtsverletzung auftreten, bitte ich um einen Hinweis.<\/p>\t\t\t\t\t\t\t\t<\/div>\n\t\t\t\t<\/div>\n\t\t\t\t<div class=\"elementor-element elementor-element-a9c5e5b elementor-widget elementor-widget-heading\" data-id=\"a9c5e5b\" data-element_type=\"widget\" data-e-type=\"widget\" data-widget_type=\"heading.default\">\n\t\t\t\t<div class=\"elementor-widget-container\">\n\t\t\t\t\t<h6 class=\"elementor-heading-title elementor-size-default\">Bildnachweise<\/h6>\t\t\t\t<\/div>\n\t\t\t\t<\/div>\n\t\t\t\t<div class=\"elementor-element elementor-element-f2fc4ae elementor-widget elementor-widget-text-editor\" data-id=\"f2fc4ae\" data-element_type=\"widget\" data-e-type=\"widget\" data-widget_type=\"text-editor.default\">\n\t\t\t\t<div class=\"elementor-widget-container\">\n\t\t\t\t\t\t\t\t\t<p>Die verwendeten Bilder stammen entweder aus eigener Produktion oder aus Quellen, deren Lizenzen die Bearbeitung, Ver\u00f6ffentlichung und Nutzung f\u00fcr private und kommerzielle Zwecke erlauben.<\/p>\t\t\t\t\t\t\t\t<\/div>\n\t\t\t\t<\/div>\n\t\t\t\t<\/div>\n\t\t\t\t\t<\/div>\n\t\t\t\t<\/div>\n\t\t\t\t<\/div>\n\t\t","protected":false},"excerpt":{"rendered":"<p>Impressum Technikwerkstatt 4.0 Marco D\u00fcvelmeyerKronsweg 149163 Hunteburg Telefon: +49 151 41336184 &#038;#105&#038;#110&#038;#102&#038;#111&#038;#64&#038;#116&#038;#101&#038;#99&#038;#104&#038;#110&#038;#105&#038;#107&#038;#119&#038;#101&#038;#114&#038;#107&#038;#115&#038;#116&#038;#97&#038;#116&#038;#116&#038;#52&#038;#48&#038;#46&#038;#100&#038;#101 Kleinunternehmer nach \u00a7 19 UStG.USt-IdNr.: DE454806313 Inhaltlich verantwortlich gem\u00e4\u00df \u00a7 18 Abs. 2 MStV: Marco D\u00fcvelmeyer Haftung f\u00fcr Inhalte Als Diensteanbieter bin ich f\u00fcr eigene Inhalte auf diesen Seiten nach den allgemeinen gesetzlichen Vorgaben verantwortlich. Eine Verpflichtung zur \u00dcberwachung \u00fcbermittelter oder gespeicherter fremder [&hellip;]<\/p>\n","protected":false},"author":2,"featured_media":0,"parent":0,"menu_order":0,"comment_status":"closed","ping_status":"closed","template":"","meta":{"footnotes":""},"class_list":["post-2063","page","type-page","status-publish","hentry"],"_links":{"self":[{"href":"https:\/\/technikwerkstatt40.de\/en\/wp-json\/wp\/v2\/pages\/2063","targetHints":{"allow":["GET"]}}],"collection":[{"href":"https:\/\/technikwerkstatt40.de\/en\/wp-json\/wp\/v2\/pages"}],"about":[{"href":"https:\/\/technikwerkstatt40.de\/en\/wp-json\/wp\/v2\/types\/page"}],"author":[{"embeddable":true,"href":"https:\/\/technikwerkstatt40.de\/en\/wp-json\/wp\/v2\/users\/2"}],"replies":[{"embeddable":true,"href":"https:\/\/technikwerkstatt40.de\/en\/wp-json\/wp\/v2\/comments?post=2063"}],"version-history":[{"count":48,"href":"https:\/\/technikwerkstatt40.de\/en\/wp-json\/wp\/v2\/pages\/2063\/revisions"}],"predecessor-version":[{"id":19910,"href":"https:\/\/technikwerkstatt40.de\/en\/wp-json\/wp\/v2\/pages\/2063\/revisions\/19910"}],"wp:attachment":[{"href":"https:\/\/technikwerkstatt40.de\/en\/wp-json\/wp\/v2\/media?parent=2063"}],"curies":[{"name":"wp","href":"https:\/\/api.w.org\/{rel}","templated":true}]}}