{"id":212,"date":"2021-10-26T17:01:47","date_gmt":"2021-10-26T17:01:47","guid":{"rendered":"https:\/\/technikwerkstatt40.de\/?page_id=212"},"modified":"2026-02-03T20:14:54","modified_gmt":"2026-02-03T19:14:54","slug":"ueber-mich","status":"publish","type":"page","link":"https:\/\/technikwerkstatt40.de\/en\/ueber-mich\/","title":{"rendered":"About me"},"content":{"rendered":"\t\t<div data-elementor-type=\"wp-page\" data-elementor-id=\"212\" class=\"elementor elementor-212\" data-elementor-post-type=\"page\">\n\t\t\t\t<div class=\"elementor-element elementor-element-2ece77f3 elementor-hidden-mobile e-flex e-con-boxed e-con e-parent\" data-id=\"2ece77f3\" data-element_type=\"container\" data-e-type=\"container\">\n\t\t\t\t\t<div class=\"e-con-inner\">\n\t\t\t\t<div class=\"elementor-element elementor-element-3921de22 elementor-absolute elementor-widget elementor-widget-menu-anchor\" data-id=\"3921de22\" data-element_type=\"widget\" data-e-type=\"widget\" data-settings=\"{&quot;_position&quot;:&quot;absolute&quot;}\" data-widget_type=\"menu-anchor.default\">\n\t\t\t\t<div class=\"elementor-widget-container\">\n\t\t\t\t\t\t\t<div class=\"elementor-menu-anchor\" id=\"scrollup\"><\/div>\n\t\t\t\t\t\t<\/div>\n\t\t\t\t<\/div>\n\t\t\t\t\t<\/div>\n\t\t\t\t<\/div>\n\t\t<div class=\"elementor-element elementor-element-1417e31a e-flex e-con-boxed e-con e-parent\" data-id=\"1417e31a\" data-element_type=\"container\" data-e-type=\"container\" data-settings=\"{&quot;background_background&quot;:&quot;classic&quot;,&quot;sticky_offset_mobile&quot;:50,&quot;sticky&quot;:&quot;top&quot;,&quot;sticky_offset&quot;:50,&quot;sticky_on&quot;:[&quot;widescreen&quot;,&quot;desktop&quot;,&quot;laptop&quot;,&quot;tablet_extra&quot;,&quot;tablet&quot;,&quot;mobile_extra&quot;,&quot;mobile&quot;],&quot;sticky_effects_offset&quot;:0,&quot;sticky_anchor_link_offset&quot;:0}\">\n\t\t\t\t\t<div class=\"e-con-inner\">\n\t\t<div class=\"elementor-element elementor-element-124b17d6 e-con-full e-flex e-con e-child\" data-id=\"124b17d6\" data-element_type=\"container\" data-e-type=\"container\" data-settings=\"{&quot;background_background&quot;:&quot;classic&quot;}\">\n\t\t\t\t<div class=\"elementor-element elementor-element-32aae1c6 elementor-widget elementor-widget-heading\" data-id=\"32aae1c6\" data-element_type=\"widget\" data-e-type=\"widget\" data-widget_type=\"heading.default\">\n\t\t\t\t<div class=\"elementor-widget-container\">\n\t\t\t\t\t<h1 class=\"elementor-heading-title elementor-size-default\">\u00dcber mich<\/h1>\t\t\t\t<\/div>\n\t\t\t\t<\/div>\n\t\t\t\t<\/div>\n\t\t\t\t\t<\/div>\n\t\t\t\t<\/div>\n\t\t<div class=\"elementor-element elementor-element-2d6803c e-flex e-con-boxed e-con e-parent\" data-id=\"2d6803c\" data-element_type=\"container\" data-e-type=\"container\">\n\t\t\t\t\t<div class=\"e-con-inner\">\n\t\t<div class=\"elementor-element elementor-element-bde3908 e-con-full e-flex e-con e-child\" data-id=\"bde3908\" data-element_type=\"container\" data-e-type=\"container\">\n\t\t\t\t<div class=\"elementor-element elementor-element-22a2fb5 elementor-widget elementor-widget-text-editor\" data-id=\"22a2fb5\" data-element_type=\"widget\" data-e-type=\"widget\" data-widget_type=\"text-editor.default\">\n\t\t\t\t<div class=\"elementor-widget-container\">\n\t\t\t\t\t\t\t\t\t<h6>Hallo Welt!<\/h6><h6>Mein Name ist Marco, fr\u00fcher war ich Ingenieur, danach Berufsschullehrer und mittlerweile unterrichte ich an einer allgemeinbildenden Schule, die F\u00e4cher Technik und Informatik.<\/h6><h6>Mit den Themen CAD, 3D-Druck und Informatik hatte ich sowohl in der Industrie, als auch als Berufsschullehrer bereits viel zu tun.\u00a0<\/h6><h6>Das Wissen und die Erfahrungen, die ich dabei gesammelt habe, bringe ich seit 2021 mit diesem Projekt an meiner aktuellen Schule im Wahlpflichtbereich ein. Ihr habt Lust, so ein Projekt privat f\u00fcr euch selber oder z.B. in der Schule mit anderen umzusetzen?\u00a0<\/h6><h6>Dann w\u00fcnsche ich euch jetzt viel Spa\u00df beim T\u00fcfteln<br \/>Marco D\u00fcvelmeyer<\/h6><h6><span style=\"color: #54acad;\">B.Sc. Ingenieur f\u00fcr Konstruktionstechnik<\/span><br \/><span style=\"color: #54acad;\">M.Ed. Berufliche Bildung &#8211; Metalltechnik<\/span><\/h6>\t\t\t\t\t\t\t\t<\/div>\n\t\t\t\t<\/div>\n\t\t\t\t<\/div>\n\t\t<div class=\"elementor-element elementor-element-5b2c381 e-con-full e-flex e-con e-child\" data-id=\"5b2c381\" data-element_type=\"container\" data-e-type=\"container\">\n\t\t\t\t<div class=\"elementor-element elementor-element-abba1cd elementor-widget elementor-widget-image\" data-id=\"abba1cd\" data-element_type=\"widget\" data-e-type=\"widget\" data-widget_type=\"image.default\">\n\t\t\t\t<div class=\"elementor-widget-container\">\n\t\t\t\t\t\t\t\t\t\t\t\t\t\t\t<img fetchpriority=\"high\" decoding=\"async\" width=\"768\" height=\"515\" src=\"https:\/\/technikwerkstatt40.de\/wp-content\/uploads\/2024\/04\/Fuchs-768x515.png\" class=\"attachment-medium_large size-medium_large wp-image-4603\" alt=\"\" srcset=\"https:\/\/technikwerkstatt40.de\/wp-content\/uploads\/2024\/04\/Fuchs-768x515.png 768w, https:\/\/technikwerkstatt40.de\/wp-content\/uploads\/2024\/04\/Fuchs-300x201.png 300w, https:\/\/technikwerkstatt40.de\/wp-content\/uploads\/2024\/04\/Fuchs-1024x686.png 1024w, https:\/\/technikwerkstatt40.de\/wp-content\/uploads\/2024\/04\/Fuchs-1536x1029.png 1536w, https:\/\/technikwerkstatt40.de\/wp-content\/uploads\/2024\/04\/Fuchs.png 1992w\" sizes=\"(max-width: 768px) 100vw, 768px\" \/>\t\t\t\t\t\t\t\t\t\t\t\t\t\t\t<\/div>\n\t\t\t\t<\/div>\n\t\t\t\t<\/div>\n\t\t\t\t\t<\/div>\n\t\t\t\t<\/div>\n\t\t<div class=\"elementor-element elementor-element-d23c63e e-flex e-con-boxed e-con e-parent\" data-id=\"d23c63e\" data-element_type=\"container\" data-e-type=\"container\">\n\t\t\t\t\t<div class=\"e-con-inner\">\n\t\t<div class=\"elementor-element elementor-element-5cd6650 e-con-full e-flex e-con e-child\" data-id=\"5cd6650\" data-element_type=\"container\" data-e-type=\"container\">\n\t\t\t\t<div class=\"elementor-element elementor-element-ad4d077 elementor-widget elementor-widget-heading\" data-id=\"ad4d077\" data-element_type=\"widget\" data-e-type=\"widget\" data-widget_type=\"heading.default\">\n\t\t\t\t<div class=\"elementor-widget-container\">\n\t\t\t\t\t<h2 class=\"elementor-heading-title elementor-size-default\">Berufliche Erfahrung<\/h2>\t\t\t\t<\/div>\n\t\t\t\t<\/div>\n\t\t\t\t<div class=\"elementor-element elementor-element-51efafd elementor-widget-divider--view-line elementor-widget elementor-widget-divider\" data-id=\"51efafd\" data-element_type=\"widget\" data-e-type=\"widget\" data-widget_type=\"divider.default\">\n\t\t\t\t<div class=\"elementor-widget-container\">\n\t\t\t\t\t\t\t<div class=\"elementor-divider\">\n\t\t\t<span class=\"elementor-divider-separator\">\n\t\t\t\t\t\t<\/span>\n\t\t<\/div>\n\t\t\t\t\t\t<\/div>\n\t\t\t\t<\/div>\n\t\t\t\t<div class=\"elementor-element elementor-element-d3b0f5b elementor-widget elementor-widget-text-editor\" data-id=\"d3b0f5b\" data-element_type=\"widget\" data-e-type=\"widget\" data-widget_type=\"text-editor.default\">\n\t\t\t\t<div class=\"elementor-widget-container\">\n\t\t\t\t\t\t\t\t\t<p>2019 &#8211; heute<\/p><h5><strong>Thomas-Morus-Schule &#8211; Osnabr\u00fcck<\/strong><\/h5><p>Aufbau des Bereiches Industrie 4.0: Robotik \/<\/p><p>CAD \/ 3D-Druck \/ Informatik<\/p>\t\t\t\t\t\t\t\t<\/div>\n\t\t\t\t<\/div>\n\t\t\t\t<div class=\"elementor-element elementor-element-fd49476 elementor-widget-divider--view-line elementor-widget elementor-widget-divider\" data-id=\"fd49476\" data-element_type=\"widget\" data-e-type=\"widget\" data-widget_type=\"divider.default\">\n\t\t\t\t<div class=\"elementor-widget-container\">\n\t\t\t\t\t\t\t<div class=\"elementor-divider\">\n\t\t\t<span class=\"elementor-divider-separator\">\n\t\t\t\t\t\t<\/span>\n\t\t<\/div>\n\t\t\t\t\t\t<\/div>\n\t\t\t\t<\/div>\n\t\t\t\t<div class=\"elementor-element elementor-element-d0cbdf6 elementor-widget elementor-widget-text-editor\" data-id=\"d0cbdf6\" data-element_type=\"widget\" data-e-type=\"widget\" data-widget_type=\"text-editor.default\">\n\t\t\t\t<div class=\"elementor-widget-container\">\n\t\t\t\t\t\t\t\t\t<p>2017 &#8211; 2019<\/p><h5><strong>Berufliche Schule Gesundheit, Luftfahrt, Technik &#8211; Hamburg\u200b<\/strong><\/h5><p>Lehrer f\u00fcr Metalltechnik und Industrie 4.0: Werkzeugmechanik \/ Zerspanungsmechanik \/ Flugger\u00e4tmechanik<\/p>\t\t\t\t\t\t\t\t<\/div>\n\t\t\t\t<\/div>\n\t\t\t\t<div class=\"elementor-element elementor-element-f43b941 elementor-widget-divider--view-line elementor-widget elementor-widget-divider\" data-id=\"f43b941\" data-element_type=\"widget\" data-e-type=\"widget\" data-widget_type=\"divider.default\">\n\t\t\t\t<div class=\"elementor-widget-container\">\n\t\t\t\t\t\t\t<div class=\"elementor-divider\">\n\t\t\t<span class=\"elementor-divider-separator\">\n\t\t\t\t\t\t<\/span>\n\t\t<\/div>\n\t\t\t\t\t\t<\/div>\n\t\t\t\t<\/div>\n\t\t\t\t<div class=\"elementor-element elementor-element-4d919a4 elementor-widget elementor-widget-text-editor\" data-id=\"4d919a4\" data-element_type=\"widget\" data-e-type=\"widget\" data-widget_type=\"text-editor.default\">\n\t\t\t\t<div class=\"elementor-widget-container\">\n\t\t\t\t\t\t\t\t\t<p>2011 &#8211; 2012<\/p><h5><strong>Grimme\u00a0 Landmaschinenfabrik &#8211; Damme<\/strong><\/h5><p>Ingenieur im Bereich Entwicklung und Konstruktion<\/p>\t\t\t\t\t\t\t\t<\/div>\n\t\t\t\t<\/div>\n\t\t\t\t<div class=\"elementor-element elementor-element-08e3af9 elementor-widget-divider--view-line elementor-widget elementor-widget-divider\" data-id=\"08e3af9\" data-element_type=\"widget\" data-e-type=\"widget\" data-widget_type=\"divider.default\">\n\t\t\t\t<div class=\"elementor-widget-container\">\n\t\t\t\t\t\t\t<div class=\"elementor-divider\">\n\t\t\t<span class=\"elementor-divider-separator\">\n\t\t\t\t\t\t<\/span>\n\t\t<\/div>\n\t\t\t\t\t\t<\/div>\n\t\t\t\t<\/div>\n\t\t\t\t<div class=\"elementor-element elementor-element-df8a844 elementor-widget elementor-widget-text-editor\" data-id=\"df8a844\" data-element_type=\"widget\" data-e-type=\"widget\" data-widget_type=\"text-editor.default\">\n\t\t\t\t<div class=\"elementor-widget-container\">\n\t\t\t\t\t\t\t\t\t<p style=\"text-align: center;\"><b>Bei Workshopanfragen oder Fragen zum Konzept:<\/b><\/p>\t\t\t\t\t\t\t\t<\/div>\n\t\t\t\t<\/div>\n\t\t<div class=\"elementor-element elementor-element-528c8e9 e-con-full e-flex e-con e-child\" data-id=\"528c8e9\" data-element_type=\"container\" data-e-type=\"container\">\n\t\t\t\t<div class=\"elementor-element elementor-element-40cf805 elementor-align-center elementor-icon-list--layout-traditional elementor-list-item-link-full_width elementor-widget elementor-widget-icon-list\" data-id=\"40cf805\" data-element_type=\"widget\" data-e-type=\"widget\" data-widget_type=\"icon-list.default\">\n\t\t\t\t<div class=\"elementor-widget-container\">\n\t\t\t\t\t\t\t<ul class=\"elementor-icon-list-items\">\n\t\t\t\t\t\t\t<li class=\"elementor-icon-list-item\">\n\t\t\t\t\t\t\t\t\t\t\t<span class=\"elementor-icon-list-icon\">\n\t\t\t\t\t\t\t<i aria-hidden=\"true\" class=\"far fa-envelope\"><\/i>\t\t\t\t\t\t<\/span>\n\t\t\t\t\t\t\t\t\t\t<span class=\"elementor-icon-list-text\"><\/span>\n\t\t\t\t\t\t\t\t\t<\/li>\n\t\t\t\t\t\t<\/ul>\n\t\t\t\t\t\t<\/div>\n\t\t\t\t<\/div>\n\t\t\t\t<div class=\"elementor-element elementor-element-f6d4fc8 elementor-widget elementor-widget-shortcode\" data-id=\"f6d4fc8\" data-element_type=\"widget\" data-e-type=\"widget\" data-widget_type=\"shortcode.default\">\n\t\t\t\t<div class=\"elementor-widget-container\">\n\t\t\t\t\t\t\t<div class=\"elementor-shortcode\"><a href=\"mailto:&#105&#110&#102&#111&#64&#116&#101&#99&#104&#110&#105&#107&#119&#101&#114&#107&#115&#116&#97&#116&#116&#52&#48&#46&#100&#101\" title=\"&#105&#110&#102&#111&#64&#116&#101&#99&#104&#110&#105&#107&#119&#101&#114&#107&#115&#116&#97&#116&#116&#52&#48&#46&#100&#101\">&#105&#110&#102&#111&#64&#116&#101&#99&#104&#110&#105&#107&#119&#101&#114&#107&#115&#116&#97&#116&#116&#52&#48&#46&#100&#101<\/a><\/div>\n\t\t\t\t\t\t<\/div>\n\t\t\t\t<\/div>\n\t\t\t\t<\/div>\n\t\t\t\t<div class=\"elementor-element elementor-element-e36349c elementor-widget elementor-widget-text-editor\" data-id=\"e36349c\" data-element_type=\"widget\" data-e-type=\"widget\" data-widget_type=\"text-editor.default\">\n\t\t\t\t<div class=\"elementor-widget-container\">\n\t\t\t\t\t\t\t\t\t<p style=\"text-align: center;\">Oder zum <a href=\"https:\/\/technikwerkstatt40.de\/newsblog\/\">Newsblog<\/a><\/p>\t\t\t\t\t\t\t\t<\/div>\n\t\t\t\t<\/div>\n\t\t\t\t<div class=\"elementor-element elementor-element-f78dd79 elementor-widget elementor-widget-image\" data-id=\"f78dd79\" data-element_type=\"widget\" data-e-type=\"widget\" data-widget_type=\"image.default\">\n\t\t\t\t<div class=\"elementor-widget-container\">\n\t\t\t\t\t\t\t\t\t\t\t\t\t\t\t<img decoding=\"async\" width=\"768\" height=\"512\" src=\"https:\/\/technikwerkstatt40.de\/wp-content\/uploads\/technikwerkstatt40_science_on_stage_2025-15-768x512.jpg\" class=\"attachment-medium_large size-medium_large wp-image-15571\" alt=\"Marco D\u00fcvelmeyer pr\u00e4sentiert seinen selbst entwickelten Roboter aus dem D\u00fcvelbot-Projekt der Technikwerkstatt 4.0\" srcset=\"https:\/\/technikwerkstatt40.de\/wp-content\/uploads\/technikwerkstatt40_science_on_stage_2025-15-768x512.jpg 768w, https:\/\/technikwerkstatt40.de\/wp-content\/uploads\/technikwerkstatt40_science_on_stage_2025-15-300x200.jpg 300w, https:\/\/technikwerkstatt40.de\/wp-content\/uploads\/technikwerkstatt40_science_on_stage_2025-15-1024x683.jpg 1024w, https:\/\/technikwerkstatt40.de\/wp-content\/uploads\/technikwerkstatt40_science_on_stage_2025-15-1536x1024.jpg 1536w, https:\/\/technikwerkstatt40.de\/wp-content\/uploads\/technikwerkstatt40_science_on_stage_2025-15-2048x1366.jpg 2048w\" sizes=\"(max-width: 768px) 100vw, 768px\" \/>\t\t\t\t\t\t\t\t\t\t\t\t\t\t\t<\/div>\n\t\t\t\t<\/div>\n\t\t\t\t<\/div>\n\t\t<div class=\"elementor-element elementor-element-947c08e e-con-full e-flex e-con e-child\" data-id=\"947c08e\" data-element_type=\"container\" data-e-type=\"container\">\n\t\t\t\t<div class=\"elementor-element elementor-element-12d4cc2 elementor-widget elementor-widget-heading\" data-id=\"12d4cc2\" data-element_type=\"widget\" data-e-type=\"widget\" data-widget_type=\"heading.default\">\n\t\t\t\t<div class=\"elementor-widget-container\">\n\t\t\t\t\t<h2 class=\"elementor-heading-title elementor-size-default\">Ausbildung<\/h2>\t\t\t\t<\/div>\n\t\t\t\t<\/div>\n\t\t\t\t<div class=\"elementor-element elementor-element-046d73d elementor-widget-divider--view-line elementor-widget elementor-widget-divider\" data-id=\"046d73d\" data-element_type=\"widget\" data-e-type=\"widget\" data-widget_type=\"divider.default\">\n\t\t\t\t<div class=\"elementor-widget-container\">\n\t\t\t\t\t\t\t<div class=\"elementor-divider\">\n\t\t\t<span class=\"elementor-divider-separator\">\n\t\t\t\t\t\t<\/span>\n\t\t<\/div>\n\t\t\t\t\t\t<\/div>\n\t\t\t\t<\/div>\n\t\t\t\t<div class=\"elementor-element elementor-element-8535b75 elementor-widget elementor-widget-text-editor\" data-id=\"8535b75\" data-element_type=\"widget\" data-e-type=\"widget\" data-widget_type=\"text-editor.default\">\n\t\t\t\t<div class=\"elementor-widget-container\">\n\t\t\t\t\t\t\t\t\t<p>2021 &#8211; 2022<\/p><h5><strong>Qualifizierungsma\u00dfnahme Informatik<\/strong><\/h5><p>Einj\u00e4hrige Fortbildung zur Qualifizierung als Informatiklehrer<\/p>\t\t\t\t\t\t\t\t<\/div>\n\t\t\t\t<\/div>\n\t\t\t\t<div class=\"elementor-element elementor-element-97e1a40 elementor-widget-divider--view-line elementor-widget elementor-widget-divider\" data-id=\"97e1a40\" data-element_type=\"widget\" data-e-type=\"widget\" data-widget_type=\"divider.default\">\n\t\t\t\t<div class=\"elementor-widget-container\">\n\t\t\t\t\t\t\t<div class=\"elementor-divider\">\n\t\t\t<span class=\"elementor-divider-separator\">\n\t\t\t\t\t\t<\/span>\n\t\t<\/div>\n\t\t\t\t\t\t<\/div>\n\t\t\t\t<\/div>\n\t\t\t\t<div class=\"elementor-element elementor-element-6c91571 elementor-widget elementor-widget-text-editor\" data-id=\"6c91571\" data-element_type=\"widget\" data-e-type=\"widget\" data-widget_type=\"text-editor.default\">\n\t\t\t\t<div class=\"elementor-widget-container\">\n\t\t\t\t\t\t\t\t\t<p>2016 &#8211; 2017<\/p><h5><strong>Berufliche Schule Gesundheit, Luftfahrt, Technik &#8211; Hamburg<\/strong><\/h5><p>Lehrer im Vorbereitungsdienst<\/p>\t\t\t\t\t\t\t\t<\/div>\n\t\t\t\t<\/div>\n\t\t\t\t<div class=\"elementor-element elementor-element-3006e9c elementor-widget-divider--view-line elementor-widget elementor-widget-divider\" data-id=\"3006e9c\" data-element_type=\"widget\" data-e-type=\"widget\" data-widget_type=\"divider.default\">\n\t\t\t\t<div class=\"elementor-widget-container\">\n\t\t\t\t\t\t\t<div class=\"elementor-divider\">\n\t\t\t<span class=\"elementor-divider-separator\">\n\t\t\t\t\t\t<\/span>\n\t\t<\/div>\n\t\t\t\t\t\t<\/div>\n\t\t\t\t<\/div>\n\t\t\t\t<div class=\"elementor-element elementor-element-4ee198b elementor-widget elementor-widget-text-editor\" data-id=\"4ee198b\" data-element_type=\"widget\" data-e-type=\"widget\" data-widget_type=\"text-editor.default\">\n\t\t\t\t<div class=\"elementor-widget-container\">\n\t\t\t\t\t\t\t\t\t<p>2014 &#8211; 2015<\/p><h5><strong>Work and Travel &#8211; Neuseeland<\/strong><\/h5>\t\t\t\t\t\t\t\t<\/div>\n\t\t\t\t<\/div>\n\t\t\t\t<div class=\"elementor-element elementor-element-4dc74bc elementor-widget-divider--view-line elementor-widget elementor-widget-divider\" data-id=\"4dc74bc\" data-element_type=\"widget\" data-e-type=\"widget\" data-widget_type=\"divider.default\">\n\t\t\t\t<div class=\"elementor-widget-container\">\n\t\t\t\t\t\t\t<div class=\"elementor-divider\">\n\t\t\t<span class=\"elementor-divider-separator\">\n\t\t\t\t\t\t<\/span>\n\t\t<\/div>\n\t\t\t\t\t\t<\/div>\n\t\t\t\t<\/div>\n\t\t\t\t<div class=\"elementor-element elementor-element-2ef20ee elementor-widget elementor-widget-text-editor\" data-id=\"2ef20ee\" data-element_type=\"widget\" data-e-type=\"widget\" data-widget_type=\"text-editor.default\">\n\t\t\t\t<div class=\"elementor-widget-container\">\n\t\t\t\t\t\t\t\t\t<p>2011 &#8211; 2014<\/p><h5><strong>Universit\u00e4t Osnabr\u00fcck<\/strong><\/h5><p>Lehramtsstudium Berufliche Bildung &#8211; Metalltechnik und Physik<\/p>\t\t\t\t\t\t\t\t<\/div>\n\t\t\t\t<\/div>\n\t\t\t\t<div class=\"elementor-element elementor-element-eeee578 elementor-widget-divider--view-line elementor-widget elementor-widget-divider\" data-id=\"eeee578\" data-element_type=\"widget\" data-e-type=\"widget\" data-widget_type=\"divider.default\">\n\t\t\t\t<div class=\"elementor-widget-container\">\n\t\t\t\t\t\t\t<div class=\"elementor-divider\">\n\t\t\t<span class=\"elementor-divider-separator\">\n\t\t\t\t\t\t<\/span>\n\t\t<\/div>\n\t\t\t\t\t\t<\/div>\n\t\t\t\t<\/div>\n\t\t\t\t<div class=\"elementor-element elementor-element-7fe47bf elementor-widget elementor-widget-text-editor\" data-id=\"7fe47bf\" data-element_type=\"widget\" data-e-type=\"widget\" data-widget_type=\"text-editor.default\">\n\t\t\t\t<div class=\"elementor-widget-container\">\n\t\t\t\t\t\t\t\t\t<p>2007 &#8211; 2011<\/p><h5><strong>Fachhochschule Osnabr\u00fcck<\/strong><\/h5><p>Maschinenbaustudium mit Fachrichtung Konstruktionstechnik, B.Sc.<\/p>\t\t\t\t\t\t\t\t<\/div>\n\t\t\t\t<\/div>\n\t\t\t\t<div class=\"elementor-element elementor-element-abc868e elementor-widget-divider--view-line elementor-widget elementor-widget-divider\" data-id=\"abc868e\" data-element_type=\"widget\" data-e-type=\"widget\" data-widget_type=\"divider.default\">\n\t\t\t\t<div class=\"elementor-widget-container\">\n\t\t\t\t\t\t\t<div class=\"elementor-divider\">\n\t\t\t<span class=\"elementor-divider-separator\">\n\t\t\t\t\t\t<\/span>\n\t\t<\/div>\n\t\t\t\t\t\t<\/div>\n\t\t\t\t<\/div>\n\t\t\t\t<div class=\"elementor-element elementor-element-3c18413 elementor-widget elementor-widget-text-editor\" data-id=\"3c18413\" data-element_type=\"widget\" data-e-type=\"widget\" data-widget_type=\"text-editor.default\">\n\t\t\t\t<div class=\"elementor-widget-container\">\n\t\t\t\t\t\t\t\t\t<p>2003 &#8211; 2007<\/p><h5><strong>Scheffczik Apparate und Beh\u00e4lterbau &#8211; Osnabr\u00fcck<\/strong><\/h5><p>Ausbildung zum Technischen Produktdesigner<\/p>\t\t\t\t\t\t\t\t<\/div>\n\t\t\t\t<\/div>\n\t\t\t\t<\/div>\n\t\t\t\t\t<\/div>\n\t\t\t\t<\/div>\n\t\t\t\t<\/div>\n\t\t","protected":false},"excerpt":{"rendered":"<p>\u00dcber mich Hallo Welt! Mein Name ist Marco, fr\u00fcher war ich Ingenieur, danach Berufsschullehrer und mittlerweile unterrichte ich an einer allgemeinbildenden Schule, die F\u00e4cher Technik und Informatik. Mit den Themen CAD, 3D-Druck und Informatik hatte ich sowohl in der Industrie, als auch als Berufsschullehrer bereits viel zu tun.\u00a0 Das Wissen und die Erfahrungen, die ich [&hellip;]<\/p>\n","protected":false},"author":1,"featured_media":15571,"parent":0,"menu_order":0,"comment_status":"closed","ping_status":"closed","template":"","meta":{"footnotes":""},"class_list":["post-212","page","type-page","status-publish","has-post-thumbnail","hentry"],"_links":{"self":[{"href":"https:\/\/technikwerkstatt40.de\/en\/wp-json\/wp\/v2\/pages\/212","targetHints":{"allow":["GET"]}}],"collection":[{"href":"https:\/\/technikwerkstatt40.de\/en\/wp-json\/wp\/v2\/pages"}],"about":[{"href":"https:\/\/technikwerkstatt40.de\/en\/wp-json\/wp\/v2\/types\/page"}],"author":[{"embeddable":true,"href":"https:\/\/technikwerkstatt40.de\/en\/wp-json\/wp\/v2\/users\/1"}],"replies":[{"embeddable":true,"href":"https:\/\/technikwerkstatt40.de\/en\/wp-json\/wp\/v2\/comments?post=212"}],"version-history":[{"count":135,"href":"https:\/\/technikwerkstatt40.de\/en\/wp-json\/wp\/v2\/pages\/212\/revisions"}],"predecessor-version":[{"id":19053,"href":"https:\/\/technikwerkstatt40.de\/en\/wp-json\/wp\/v2\/pages\/212\/revisions\/19053"}],"wp:featuredmedia":[{"embeddable":true,"href":"https:\/\/technikwerkstatt40.de\/en\/wp-json\/wp\/v2\/media\/15571"}],"wp:attachment":[{"href":"https:\/\/technikwerkstatt40.de\/en\/wp-json\/wp\/v2\/media?parent=212"}],"curies":[{"name":"wp","href":"https:\/\/api.w.org\/{rel}","templated":true}]}}